{"id":76,"date":"2020-03-07T10:15:24","date_gmt":"2020-03-07T10:15:24","guid":{"rendered":"https:\/\/vanityexperience.mx\/?page_id=76"},"modified":"2023-09-08T14:21:53","modified_gmt":"2023-09-08T20:21:53","slug":"cancelacion","status":"publish","type":"page","link":"https:\/\/vanityexperience.mx\/?page_id=76","title":{"rendered":"Cancelaci\u00f3n"},"content":{"rendered":"\t\t<div data-elementor-type=\"wp-page\" data-elementor-id=\"76\" class=\"elementor elementor-76\" data-elementor-post-type=\"page\">\n\t\t\t\t<div class=\"aux-parallax-section elementor-element elementor-element-68a5621 e-con-full e-flex e-con e-parent\" data-id=\"68a5621\" data-element_type=\"container\">\n\t\t<div class=\"elementor-element elementor-element-11c8cd1 e-flex e-con-boxed e-con e-child\" data-id=\"11c8cd1\" data-element_type=\"container\">\n\t\t\t\t\t<div class=\"e-con-inner\">\n\t\t\t\t<div class=\"elementor-element elementor-element-922f1ab elementor-widget elementor-widget-heading\" data-id=\"922f1ab\" data-element_type=\"widget\" data-widget_type=\"heading.default\">\n\t\t\t\t<div class=\"elementor-widget-container\">\n\t\t\t\t\t<h2 class=\"elementor-heading-title elementor-size-default\">Pol\u00edticas de cancelaci\u00f3n<\/h2>\t\t\t\t<\/div>\n\t\t\t\t<\/div>\n\t\t\t\t<div class=\"elementor-element elementor-element-edae1ad elementor-widget elementor-widget-text-editor\" data-id=\"edae1ad\" data-element_type=\"widget\" data-widget_type=\"text-editor.default\">\n\t\t\t\t<div class=\"elementor-widget-container\">\n\t\t\t\t\t\t\t\t\t<p style=\"text-align: center;\">Para asegurar una experiencia excepcional para todos nuestros clientes, te invitamos a leer nuestras pol\u00edticas de cancelaci\u00f3n y retraso antes de tu cita.<\/p><p style=\"text-align: center;\">Tu comprensi\u00f3n y cooperaci\u00f3n son muy apreciadas.<\/p>\t\t\t\t\t\t\t\t<\/div>\n\t\t\t\t<\/div>\n\t\t\t\t<div class=\"elementor-element elementor-element-0bae52e elementor-widget elementor-widget-text-editor\" data-id=\"0bae52e\" data-element_type=\"widget\" data-widget_type=\"text-editor.default\">\n\t\t\t\t<div class=\"elementor-widget-container\">\n\t\t\t\t\t\t\t\t\t<p>\u00a1Gracias por elegir <strong>Vanity!<\/strong><\/p>\t\t\t\t\t\t\t\t<\/div>\n\t\t\t\t<\/div>\n\t\t\t\t\t<\/div>\n\t\t\t\t<\/div>\n\t\t\t\t<div class=\"elementor-element elementor-element-7fd19d3 e-n-tabs-mobile elementor-widget elementor-widget-n-tabs\" data-id=\"7fd19d3\" data-element_type=\"widget\" data-settings=\"{&quot;tabs_justify_horizontal_mobile&quot;:&quot;start&quot;,&quot;horizontal_scroll_mobile&quot;:&quot;enable&quot;,&quot;horizontal_scroll&quot;:&quot;disable&quot;}\" data-widget_type=\"nested-tabs.default\">\n\t\t\t\t<div class=\"elementor-widget-container\">\n\t\t\t\t\t\t\t<div class=\"e-n-tabs\" data-widget-number=\"134027731\" aria-label=\"Pesta\u00f1as. Abre elementos con Intro o Espacio, ci\u00e9rralos con Escape y navega con las fechas.\">\n\t\t\t<div class=\"e-n-tabs-heading\" role=\"tablist\">\n\t\t\t\t\t<button id=\"e-n-tab-title-1340277311\" data-tab-title-id=\"e-n-tab-title-1340277311\" class=\"e-n-tab-title\" aria-selected=\"true\" data-tab-index=\"1\" role=\"tab\" tabindex=\"0\" aria-controls=\"e-n-tab-content-1340277311\" style=\"--n-tabs-title-order: 1;\">\n\t\t\t\t\t<span class=\"e-n-tab-icon\">\n\t\t\t<i aria-hidden=\"true\" class=\"auxicon auxicon-stop-2\"><\/i>\t\t\t<i aria-hidden=\"true\" class=\"auxicon auxicon-stop-2\"><\/i>\t\t<\/span>\n\t\t\t\t\t<span class=\"e-n-tab-title-text\">\n\t\t\t\tPol\u00edtica de cacelaci\u00f3n\t\t\t<\/span>\n\t\t<\/button>\n\t\t\t\t<button id=\"e-n-tab-title-1340277312\" data-tab-title-id=\"e-n-tab-title-1340277312\" class=\"e-n-tab-title\" aria-selected=\"false\" data-tab-index=\"2\" role=\"tab\" tabindex=\"-1\" aria-controls=\"e-n-tab-content-1340277312\" style=\"--n-tabs-title-order: 2;\">\n\t\t\t\t\t<span class=\"e-n-tab-icon\">\n\t\t\t<svg aria-hidden=\"true\" class=\"e-font-icon-svg e-far-clock\" viewBox=\"0 0 512 512\" xmlns=\"http:\/\/www.w3.org\/2000\/svg\"><path d=\"M256 8C119 8 8 119 8 256s111 248 248 248 248-111 248-248S393 8 256 8zm0 448c-110.5 0-200-89.5-200-200S145.5 56 256 56s200 89.5 200 200-89.5 200-200 200zm61.8-104.4l-84.9-61.7c-3.1-2.3-4.9-5.9-4.9-9.7V116c0-6.6 5.4-12 12-12h32c6.6 0 12 5.4 12 12v141.7l66.8 48.6c5.4 3.9 6.5 11.4 2.6 16.8L334.6 349c-3.9 5.3-11.4 6.5-16.8 2.6z\"><\/path><\/svg>\t\t\t<svg aria-hidden=\"true\" class=\"e-font-icon-svg e-far-clock\" viewBox=\"0 0 512 512\" xmlns=\"http:\/\/www.w3.org\/2000\/svg\"><path d=\"M256 8C119 8 8 119 8 256s111 248 248 248 248-111 248-248S393 8 256 8zm0 448c-110.5 0-200-89.5-200-200S145.5 56 256 56s200 89.5 200 200-89.5 200-200 200zm61.8-104.4l-84.9-61.7c-3.1-2.3-4.9-5.9-4.9-9.7V116c0-6.6 5.4-12 12-12h32c6.6 0 12 5.4 12 12v141.7l66.8 48.6c5.4 3.9 6.5 11.4 2.6 16.8L334.6 349c-3.9 5.3-11.4 6.5-16.8 2.6z\"><\/path><\/svg>\t\t<\/span>\n\t\t\t\t\t<span class=\"e-n-tab-title-text\">\n\t\t\t\tPol\u00edtica de retraso\t\t\t<\/span>\n\t\t<\/button>\n\t\t\t\t\t<\/div>\n\t\t\t<div class=\"e-n-tabs-content\">\n\t\t\t\t<div class=\"aux-parallax-section e-active elementor-element elementor-element-9b0cf3d e-con-full e-flex e-con e-parent\" id=\"e-n-tab-content-1340277311\" role=\"tabpanel\" aria-labelledby=\"e-n-tab-title-1340277311\" data-tab-index=\"1\" style=\"--n-tabs-title-order: 1;\" data-id=\"9b0cf3d\" data-element_type=\"container\">\n\t\t<div class=\"elementor-element elementor-element-3af44bb e-flex e-con-boxed e-con e-child\" data-id=\"3af44bb\" data-element_type=\"container\">\n\t\t\t\t\t<div class=\"e-con-inner\">\n\t\t\t\t<div class=\"elementor-element elementor-element-c39bd4c elementor-widget elementor-widget-text-editor\" data-id=\"c39bd4c\" data-element_type=\"widget\" data-widget_type=\"text-editor.default\">\n\t\t\t\t<div class=\"elementor-widget-container\">\n\t\t\t\t\t\t\t\t\t<p>En <strong>Vanity Salon &amp; SPA<\/strong>, entendemos que los planes pueden cambiar.<\/p><p><strong>Si necesitas cancelar o reprogramar tu cita,\u00a0<\/strong><strong>te pedimos amablemente que nos avises con al menos 24 horas de anticipaci\u00f3n.<\/strong>\u00a0Esto nos permite ofrecer tu espacio a otro cliente.<\/p><p>Por favor, <span style=\"text-decoration: underline;\"><strong>ten en cuenta que si la cancelaci\u00f3n se realiza con menos de 24 horas de anticipaci\u00f3n, el anticipo no ser\u00e1 reembolsable<\/strong><\/span>. Esto se debe a que es un desaf\u00edo para nosotros llenar ese espacio en tan poco tiempo.<\/p><p>Apreciamos tu comprensi\u00f3n y cooperaci\u00f3n con esta pol\u00edtica, que nos ayuda a mantener un servicio de alta calidad para todos nuestros clientes.<\/p>\t\t\t\t\t\t\t\t<\/div>\n\t\t\t\t<\/div>\n\t\t\t\t\t<\/div>\n\t\t\t\t<\/div>\n\t\t\t\t<\/div>\n\t\t<div class=\"aux-parallax-section  elementor-element elementor-element-1c694dc e-con-full e-flex e-con e-parent\" id=\"e-n-tab-content-1340277312\" role=\"tabpanel\" aria-labelledby=\"e-n-tab-title-1340277312\" data-tab-index=\"2\" style=\"--n-tabs-title-order: 2;\" data-id=\"1c694dc\" data-element_type=\"container\">\n\t\t\t\t<div class=\"elementor-element elementor-element-5edc710 elementor-widget elementor-widget-text-editor\" data-id=\"5edc710\" data-element_type=\"widget\" data-widget_type=\"text-editor.default\">\n\t\t\t\t<div class=\"elementor-widget-container\">\n\t\t\t\t\t\t\t\t\t<p>En <strong>Vanity Salon &amp; SPA<\/strong>, valoramos enormemente tu tiempo, el de nuestras otras clientas y el de nuestras socias. Comprendemos que los imprevistos pueden suceder y a veces pueden causar retrasos.<\/p><p><strong>Si te das cuenta de que vas a llegar tarde a tu cita, te agradecer\u00edamos enormemente que nos lo comunicaras lo antes posible.<\/strong>\u00a0Esto nos permite ajustar nuestro horario y asegurar que todos nuestros clientes reciban un servicio oportuno y de alta calidad.<\/p><p><strong>Si llegas m\u00e1s de 10 minutos tarde<\/strong>\u00a0a tu cita,\u00a0<span style=\"text-decoration: underline;\">es posible que no podamos proporcionar el servicio completo que ten\u00edas programado<\/span>.\u00a0Haremos todo lo posible para ofrecerte una versi\u00f3n modificada del servicio en el tiempo restante, pero queremos asegurarnos de que todos nuestros clientes reciban la atenci\u00f3n completa y dedicada que merecen.<\/p><p><strong>Si llegas m\u00e1s de 15 minutos tarde sin previo aviso<\/strong>,\u00a0<span style=\"text-decoration: underline;\">es posible que tengamos que reprogramar tu servicio.<\/span>\u00a0En este caso, lamentablemente,\u00a0<strong>no podremos reembolsar tu dep\u00f3sito debido al corto plazo para llenar el espacio de la cita.<\/strong><\/p><p>Del mismo modo,\u00a0<strong>si no tenemos noticias tuyas 15 minutos despu\u00e9s de la hora de tu cita programada<\/strong>, s<strong>e considerar\u00e1 una \u201cNo presentaci\u00f3n\u201d<\/strong>\u00a0<strong>y tu dep\u00f3sito no ser\u00e1 reembolsable.<\/strong><\/p><p>Agradecemos tu comprensi\u00f3n y cooperaci\u00f3n con esta pol\u00edtica, que nos ayuda a mantener un servicio de alta calidad para todos nuestros clientes.<\/p>\t\t\t\t\t\t\t\t<\/div>\n\t\t\t\t<\/div>\n\t\t\t\t<\/div>\n\t\t\t\t\t<\/div>\n\t\t<\/div>\n\t\t\t\t\t\t<\/div>\n\t\t\t\t<\/div>\n\t\t\t\t<\/div>\n\t\t\t\t<\/div>\n\t\t","protected":false},"excerpt":{"rendered":"<p>Pol\u00edticas de cancelaci\u00f3n Para asegurar una experiencia excepcional para todos nuestros clientes, te invitamos a leer nuestras pol\u00edticas de cancelaci\u00f3n y retraso antes de tu cita. Tu comprensi\u00f3n y cooperaci\u00f3n son muy apreciadas. \u00a1Gracias por elegir Vanity! Pol\u00edtica de cacelaci\u00f3n Pol\u00edtica de retraso Pol\u00edtica de cacelaci\u00f3n En Vanity Salon &amp; SPA, entendemos que los planes [&hellip;]<\/p>\n","protected":false},"author":1,"featured_media":0,"parent":0,"menu_order":0,"comment_status":"closed","ping_status":"closed","template":"templates\/page-builder-content.php","meta":{"_acf_changed":false,"footnotes":""},"class_list":["post-76","page","type-page","status-publish","hentry"],"acf":[],"lang":"es","translations":{"es":76,"en":392},"pll_sync_post":[],"_links":{"self":[{"href":"https:\/\/vanityexperience.mx\/index.php?rest_route=\/wp\/v2\/pages\/76","targetHints":{"allow":["GET"]}}],"collection":[{"href":"https:\/\/vanityexperience.mx\/index.php?rest_route=\/wp\/v2\/pages"}],"about":[{"href":"https:\/\/vanityexperience.mx\/index.php?rest_route=\/wp\/v2\/types\/page"}],"author":[{"embeddable":true,"href":"https:\/\/vanityexperience.mx\/index.php?rest_route=\/wp\/v2\/users\/1"}],"replies":[{"embeddable":true,"href":"https:\/\/vanityexperience.mx\/index.php?rest_route=%2Fwp%2Fv2%2Fcomments&post=76"}],"version-history":[{"count":13,"href":"https:\/\/vanityexperience.mx\/index.php?rest_route=\/wp\/v2\/pages\/76\/revisions"}],"predecessor-version":[{"id":1719,"href":"https:\/\/vanityexperience.mx\/index.php?rest_route=\/wp\/v2\/pages\/76\/revisions\/1719"}],"wp:attachment":[{"href":"https:\/\/vanityexperience.mx\/index.php?rest_route=%2Fwp%2Fv2%2Fmedia&parent=76"}],"curies":[{"name":"wp","href":"https:\/\/api.w.org\/{rel}","templated":true}]}}