{"id":84,"date":"2020-03-03T07:22:15","date_gmt":"2020-03-03T07:22:15","guid":{"rendered":"https:\/\/vanityexperience.mx\/?page_id=84"},"modified":"2023-09-20T17:00:40","modified_gmt":"2023-09-20T23:00:40","slug":"blog","status":"publish","type":"page","link":"https:\/\/vanityexperience.mx\/?page_id=84","title":{"rendered":"Blog"},"content":{"rendered":"\t\t<div data-elementor-type=\"wp-page\" data-elementor-id=\"84\" class=\"elementor elementor-84\" data-elementor-post-type=\"page\">\n\t\t\t\t<div class=\"aux-parallax-section elementor-element elementor-element-8faac98 e-con-full aux-appear-watch-animation aux-fade-in-left e-flex e-con e-parent\" data-id=\"8faac98\" data-element_type=\"container\" data-settings=\"{&quot;background_background&quot;:&quot;classic&quot;}\">\n\t\t<div class=\"elementor-element elementor-element-896fe5e e-con-full aux-appear-watch-animation aux-fade-in e-flex e-con e-child\" data-id=\"896fe5e\" data-element_type=\"container\">\n\t\t\t\t<div class=\"elementor-element elementor-element-cbd7ff4 elementor-widget elementor-widget-heading\" data-id=\"cbd7ff4\" data-element_type=\"widget\" data-widget_type=\"heading.default\">\n\t\t\t\t<div class=\"elementor-widget-container\">\n\t\t\t\t\t<h2 class=\"elementor-heading-title elementor-size-default\">Bienvenida al<\/h2>\t\t\t\t<\/div>\n\t\t\t\t<\/div>\n\t\t\t\t<div class=\"elementor-element elementor-element-3662a5c elementor-widget elementor-widget-heading\" data-id=\"3662a5c\" data-element_type=\"widget\" data-widget_type=\"heading.default\">\n\t\t\t\t<div class=\"elementor-widget-container\">\n\t\t\t\t\t<h2 class=\"elementor-heading-title elementor-size-default\">Vanity<\/h2>\t\t\t\t<\/div>\n\t\t\t\t<\/div>\n\t\t\t\t<div class=\"elementor-element elementor-element-f3e8a8d elementor-widget elementor-widget-heading\" data-id=\"f3e8a8d\" data-element_type=\"widget\" data-widget_type=\"heading.default\">\n\t\t\t\t<div class=\"elementor-widget-container\">\n\t\t\t\t\t<h2 class=\"elementor-heading-title elementor-size-default\">Blog<\/h2>\t\t\t\t<\/div>\n\t\t\t\t<\/div>\n\t\t\t\t<\/div>\n\t\t\t\t<\/div>\n\t\t<div class=\"aux-parallax-section elementor-element elementor-element-a1659d1 e-con-full aux-appear-watch-animation aux-fade-in e-flex e-con e-parent\" data-id=\"a1659d1\" data-element_type=\"container\" data-settings=\"{&quot;background_background&quot;:&quot;classic&quot;}\">\n\t\t<div class=\"elementor-element elementor-element-e57568f e-con-full e-flex e-con e-child\" data-id=\"e57568f\" data-element_type=\"container\">\n\t\t\t\t<div class=\"elementor-element elementor-element-8e875b4 elementor-widget elementor-widget-aux_recent_posts_timeline\" data-id=\"8e875b4\" data-element_type=\"widget\" data-widget_type=\"aux_recent_posts_timeline.default\">\n\t\t\t\t<div class=\"elementor-widget-container\">\n\t\t\t\t\t<script>auxinNS(\"auxin.content.loadmore.au95e7da48\"); auxin.content.loadmore.au95e7da48={\"nonce\":\"58e6af7e5b\",\"args\":{\"title\":\"\",\"cat\":[\" \"],\"num\":\"8\",\"only_posts__in\":\"\",\"include\":\"\",\"exclude\":\"\",\"paged\":\"\",\"offset\":\"\",\"order_by\":\"date\",\"order\":\"DESC\",\"exclude_without_media\":\"no\",\"exclude_custom_post_formats\":\"no\",\"exclude_quote_link\":null,\"exclude_post_formats_in\":[],\"show_media\":\"yes\",\"show_excerpt\":\"yes\",\"show_content\":true,\"excerpt_len\":\"160\",\"excerpt_length\":\"\",\"image_aspect_ratio\":\"1.00\",\"display_title\":\"yes\",\"show_info\":\"yes\",\"show_date\":true,\"author_or_readmore\":\"readmore\",\"display_author_footer\":null,\"display_author_header\":null,\"timeline_alignment\":\"center\",\"display_like\":\"yes\",\"display_comments\":\"yes\",\"display_categories\":true,\"tag\":\"\",\"crop\":\"no\",\"preloadable\":\"no\",\"preload_preview\":null,\"preload_bgcolor\":null,\"taxonomy_name\":\"category\",\"extra_classes\":\"\",\"extra_column_classes\":\"\",\"custom_el_id\":\"\",\"template_part_file\":\"theme-parts\\\/entry\\\/post-column\",\"extra_template_path\":\"\",\"universal_id\":\"au95e7da48\",\"reset_query\":true,\"wp_query_args\":[],\"loadmore_type\":\"scroll\",\"loadmore_per_page\":\"8\",\"content\":null,\"skip_wrappers\":true,\"content_width\":2000,\"inview_transition\":\"none\",\"inview_duration\":\"\",\"inview_delay\":\"\",\"inview_repeat\":\"no\",\"inview_offset\":\"\",\"called_from\":\"\"},\"handler\":\"aux_recent_posts_timeline\",\"per_page\":\"8\"};<\/script><section class=\"widget-container aux-ajax-type-scroll aux-widget-recent-posts-timeline aux-column-post-entry aux-parent-au95e7da48\"><div data-element-id=\"au95e7da48\" class=\"aux-timeline aux-ajax-view aux-center\" data-layout=\"center\"><span class=\"aux-date-label\">septiembre<\/span><div class=\"aux-block aux-ajax-item post-2614\">\n                        <article class=\"post post-2614 type-post status-publish format-standard has-post-thumbnail hentry category-general\">\n                                                        <div class=\"entry-media\"><div class=\"aux-media-frame aux-media-image aux-image-mask\"><a href=\"https:\/\/vanityexperience.mx\/?p=2614\"><img decoding=\"async\" src=\"https:\/\/vanityexperience.mx\/wp-content\/uploads\/2023\/09\/20211009175432_IMG_0582-1000x667.jpg\" class=\"aux-attachment aux-featured-image attachment-1000x1000 aux-attachment-id-1908 \" alt=\"20211009175432_IMG_0582\" srcset=\"https:\/\/vanityexperience.mx\/wp-content\/uploads\/2023\/09\/20211009175432_IMG_0582-150x100.jpg 150w,https:\/\/vanityexperience.mx\/wp-content\/uploads\/2023\/09\/20211009175432_IMG_0582-300x200.jpg 300w,https:\/\/vanityexperience.mx\/wp-content\/uploads\/2023\/09\/20211009175432_IMG_0582-768x512.jpg 768w,https:\/\/vanityexperience.mx\/wp-content\/uploads\/2023\/09\/20211009175432_IMG_0582-1080x720.jpg 1080w,https:\/\/vanityexperience.mx\/wp-content\/uploads\/2023\/09\/20211009175432_IMG_0582-1000x667.jpg 1000w,https:\/\/vanityexperience.mx\/wp-content\/uploads\/2023\/09\/20211009175432_IMG_0582-1910x1910.jpg 1910w\" data-ratio=\"1\" data-original-w=\"1920\" sizes=\"(max-width:479px) 480px,(max-width:767px) 768px,(max-width:1023px) 1024px,1000px\" \/><\/a><\/div><\/div>\n                            \n                            <div class=\"entry-main\">\n                                                        \n                                <header class=\"entry-header\">\n                                \n                                    <h4 class=\"entry-title\">\n                                        <a href=\"https:\/\/vanityexperience.mx\/?p=2614\">\n                                            \u00a1Bienvenidos a Vanity The Experience!                                        <\/a>\n                                    <\/h4>\n                                                                    <div class=\"entry-format\">\n                                        <a href=\"https:\/\/vanityexperience.mx\/?p=2614\">\n                                            <div class=\"post-format format-\"> <\/div>\n                                        <\/a>\n                                    <\/div>\n                                <\/header>\n                                                            \n                                <div class=\"entry-info\">\n                                                                    <div class=\"entry-date\">\n                                        <a href=\"https:\/\/vanityexperience.mx\/?p=2614\">\n                                            <time datetime=\"2023-09-20T16:04:01-06:00\" title=\"2023-09-20T16:04:01-06:00\" >20\/09\/2023<\/time>\n                                        <\/a>\n                                    <\/div>\n                                                                                                                                    <span class=\"entry-tax \">\n                                        <a href=\"https:\/\/vanityexperience.mx\/?cat=67\" title=\"View all posts in General\" rel=\"category\" >General<\/a>                                    <\/span>\n                                                                                                                                            <\/div>\n                            \n                                                            <div class=\"entry-content\">\n                                                                            <p><p>En Vanity, tenemos una misi\u00f3n clara: brindar un espacio acogedor y exclusivo donde las mujeres puedan encontrar belleza, relajaci\u00f3n y renovaci\u00f3n.<\/p>\n<\/p>                                <\/div>\n                                                                                        <footer class=\"entry-meta aux-after-content\">\n                                                                        <div class=\"readmore\">\n                                        <a href=\"https:\/\/vanityexperience.mx\/?p=2614\" class=\"aux-read-more\"><span class=\"aux-read-more-text\">Read More<\/span><\/a>\n                                    <\/div>\n                                                                        <div class=\"comments-iconic\">\n                                                                                    <a href=\"https:\/\/vanityexperience.mx\/?p=2614#comments\" class=\"meta-comment\" >\n                                                <span class=\"auxicon-comment\"><\/span><span class=\"comments-number\">0<\/span>\n                                            <\/a>\n                                                                            <\/div>\n                                                                    <\/footer>\n                            \n                            <\/div>\n\n                        <\/article>\n<\/div><\/div><\/section><!-- widget-container -->\t\t\t\t<\/div>\n\t\t\t\t<\/div>\n\t\t\t\t<\/div>\n\t\t\t\t<\/div>\n\t\t\t\t<\/div>\n\t\t","protected":false},"excerpt":{"rendered":"<p>Bienvenida al Vanity Blog septiembre \u00a1Bienvenidos a Vanity Salon &amp; SPA! Donde la Belleza Encuentra la Confianza 20\/09\/2023 General | Edit En Vanity, tenemos una misi\u00f3n clara: brindar un espacio acogedor y exclusivo donde las mujeres puedan encontrar belleza, relajaci\u00f3n y renovaci\u00f3n. Read More 0<\/p>\n","protected":false},"author":1,"featured_media":0,"parent":0,"menu_order":0,"comment_status":"closed","ping_status":"closed","template":"elementor_header_footer","meta":{"_acf_changed":false,"footnotes":""},"class_list":["post-84","page","type-page","status-publish","hentry"],"acf":[],"lang":"es","translations":{"es":84},"pll_sync_post":[],"_links":{"self":[{"href":"https:\/\/vanityexperience.mx\/index.php?rest_route=\/wp\/v2\/pages\/84","targetHints":{"allow":["GET"]}}],"collection":[{"href":"https:\/\/vanityexperience.mx\/index.php?rest_route=\/wp\/v2\/pages"}],"about":[{"href":"https:\/\/vanityexperience.mx\/index.php?rest_route=\/wp\/v2\/types\/page"}],"author":[{"embeddable":true,"href":"https:\/\/vanityexperience.mx\/index.php?rest_route=\/wp\/v2\/users\/1"}],"replies":[{"embeddable":true,"href":"https:\/\/vanityexperience.mx\/index.php?rest_route=%2Fwp%2Fv2%2Fcomments&post=84"}],"version-history":[{"count":27,"href":"https:\/\/vanityexperience.mx\/index.php?rest_route=\/wp\/v2\/pages\/84\/revisions"}],"predecessor-version":[{"id":2667,"href":"https:\/\/vanityexperience.mx\/index.php?rest_route=\/wp\/v2\/pages\/84\/revisions\/2667"}],"wp:attachment":[{"href":"https:\/\/vanityexperience.mx\/index.php?rest_route=%2Fwp%2Fv2%2Fmedia&parent=84"}],"curies":[{"name":"wp","href":"https:\/\/api.w.org\/{rel}","templated":true}]}}